{"id":87,"date":"2024-07-09T12:27:36","date_gmt":"2024-07-09T09:27:36","guid":{"rendered":"https:\/\/vennantalya.com\/?page_id=87"},"modified":"2024-07-16T10:58:12","modified_gmt":"2024-07-16T07:58:12","slug":"hakkinda","status":"publish","type":"page","link":"https:\/\/vennantalya.com\/en\/hakkinda\/","title":{"rendered":"ABOUT US"},"content":{"rendered":"<div data-elementor-type=\"wp-page\" data-elementor-id=\"87\" class=\"elementor elementor-87\">\n\t\t\t\t<div class=\"elementor-element elementor-element-b82ebf8 e-flex e-con-boxed e-con e-parent\" data-id=\"b82ebf8\" data-element_type=\"container\">\n\t\t\t\t\t<div class=\"e-con-inner\">\n\t\t<div class=\"elementor-element elementor-element-fc912f2 e-con-full e-flex e-con e-child\" data-id=\"fc912f2\" data-element_type=\"container\">\n\t\t\t\t<div class=\"elementor-element elementor-element-616d15e elementor-widget elementor-widget-image\" data-id=\"616d15e\" data-element_type=\"widget\" data-widget_type=\"image.default\">\n\t\t\t\t<div class=\"elementor-widget-container\">\n\t\t\t<style>\/*! elementor - v3.22.0 - 26-06-2024 *\/\n.elementor-widget-image{text-align:center}.elementor-widget-image a{display:inline-block}.elementor-widget-image a img[src$=\".svg\"]{width:48px}.elementor-widget-image img{vertical-align:middle;display:inline-block}<\/style>\t\t\t\t\t\t\t\t\t\t<img fetchpriority=\"high\" decoding=\"async\" width=\"847\" height=\"565\" src=\"https:\/\/vennantalya.com\/wp-content\/uploads\/2024\/07\/venn-mockup2-1-1024x683.jpg\" class=\"attachment-large size-large wp-image-156\" alt=\"\" srcset=\"https:\/\/vennantalya.com\/wp-content\/uploads\/2024\/07\/venn-mockup2-1-1024x683.jpg 1024w, https:\/\/vennantalya.com\/wp-content\/uploads\/2024\/07\/venn-mockup2-1-300x200.jpg 300w, https:\/\/vennantalya.com\/wp-content\/uploads\/2024\/07\/venn-mockup2-1-768x512.jpg 768w, https:\/\/vennantalya.com\/wp-content\/uploads\/2024\/07\/venn-mockup2-1-450x300.jpg 450w, https:\/\/vennantalya.com\/wp-content\/uploads\/2024\/07\/venn-mockup2-1-650x433.jpg 650w, https:\/\/vennantalya.com\/wp-content\/uploads\/2024\/07\/venn-mockup2-1.jpg 1200w\" sizes=\"(max-width: 847px) 100vw, 847px\" data-id=\"156\" \/>\t\t\t\t\t\t\t\t\t\t\t\t\t<\/div>\n\t\t\t\t<\/div>\n\t\t\t\t<\/div>\n\t\t<div class=\"elementor-element elementor-element-7b4217f e-con-full e-flex e-con e-child\" data-id=\"7b4217f\" data-element_type=\"container\">\n\t\t\t\t<div class=\"elementor-element elementor-element-31379fb elementor-widget elementor-widget-text-editor\" data-id=\"31379fb\" data-element_type=\"widget\" data-widget_type=\"text-editor.default\">\n\t\t\t\t<div class=\"elementor-widget-container\">\n\t\t\t<style>\/*! elementor - v3.22.0 - 26-06-2024 *\/\n.elementor-widget-text-editor.elementor-drop-cap-view-stacked .elementor-drop-cap{background-color:#69727d;color:#fff}.elementor-widget-text-editor.elementor-drop-cap-view-framed .elementor-drop-cap{color:#69727d;border:3px solid;background-color:transparent}.elementor-widget-text-editor:not(.elementor-drop-cap-view-default) .elementor-drop-cap{margin-top:8px}.elementor-widget-text-editor:not(.elementor-drop-cap-view-default) .elementor-drop-cap-letter{width:1em;height:1em}.elementor-widget-text-editor .elementor-drop-cap{float:left;text-align:center;line-height:1;font-size:50px}.elementor-widget-text-editor .elementor-drop-cap-letter{display:inline-block}<\/style>\t\t\t\t<p>LAZEN YAP\/, as a construction company that has made a name for itself with many successfully completed projects to date, is here with its new and prestigious project \"Venn Antalya\" in Antalya Kepez.<\/p><p>This project combines the requirements of modern life with aesthetics and functionality. This project, developed by Lazen Yap\u0131 Board of Directors under the leadership of Vienna Technical University graduate Master Architect Eyy\u00fcp Sar\u0131yusuf, was designed to provide great advantages to its investors.<\/p><p>Venn Antalya is complete with a 540 m2 outdoor swimming pool, 40 m2 cafeteria, children's playgrounds, indoor and outdoor fitness centers. The 5100 m2 landscape area offers a peaceful life intertwined with nature, while the indoor parking lot for each apartment and the guest house of the building increase comfort. Modern pergola areas and a basketball court also enliven your social life.<\/p>\t\t\t\t\t\t<\/div>\n\t\t\t\t<\/div>\n\t\t\t\t<\/div>\n\t\t\t\t\t<\/div>\n\t\t\t\t<\/div>\n\t\t<div class=\"elementor-element elementor-element-83e2f40 e-flex e-con-boxed e-con e-parent\" data-id=\"83e2f40\" data-element_type=\"container\">\n\t\t\t\t\t<div class=\"e-con-inner\">\n\t\t<div class=\"elementor-element elementor-element-cbc50f6 e-con-full e-flex e-con e-child\" data-id=\"cbc50f6\" data-element_type=\"container\">\n\t\t\t\t<div class=\"elementor-element elementor-element-050c7e6 elementor-widget elementor-widget-text-editor\" data-id=\"050c7e6\" data-element_type=\"widget\" data-widget_type=\"text-editor.default\">\n\t\t\t\t<div class=\"elementor-widget-container\">\n\t\t\t\t\t\t\t<p>Venn Antalya, which offers a wide range of options with a total of 42 x 1+1, 28 x 2+1, 14 x 3+1 apartments, 12 shops and 24 home offices, consists of 4 blocks; 3 blocks are reserved for residences and 1 block for commercial units. Offering a comfortable and privileged life with its modern architecture, extensive social facilities and central location, Venn Antalya is emerging as one of the most prestigious projects in Antalya.<\/p><blockquote><p>Venn Antalya, built with the assurance of Lazen Yap\u0131, is an ideal choice for investors and those looking for a high-quality life. You will definitely want to be a part of this unique project. Venn Antalya opens the doors to the life of your dreams!<\/p><\/blockquote>\t\t\t\t\t\t<\/div>\n\t\t\t\t<\/div>\n\t\t\t\t<\/div>\n\t\t<div class=\"elementor-element elementor-element-5e4ffd5 e-con-full e-flex e-con e-child\" data-id=\"5e4ffd5\" data-element_type=\"container\">\n\t\t\t\t<div class=\"elementor-element elementor-element-db3370a elementor-widget elementor-widget-image\" data-id=\"db3370a\" data-element_type=\"widget\" data-widget_type=\"image.default\">\n\t\t\t\t<div class=\"elementor-widget-container\">\n\t\t\t\t\t\t\t\t\t\t\t\t\t<img decoding=\"async\" width=\"847\" height=\"565\" src=\"https:\/\/vennantalya.com\/wp-content\/uploads\/2024\/07\/venn-mockup-1024x683.jpg\" class=\"attachment-large size-large wp-image-154\" alt=\"\" srcset=\"https:\/\/vennantalya.com\/wp-content\/uploads\/2024\/07\/venn-mockup-1024x683.jpg 1024w, https:\/\/vennantalya.com\/wp-content\/uploads\/2024\/07\/venn-mockup-300x200.jpg 300w, https:\/\/vennantalya.com\/wp-content\/uploads\/2024\/07\/venn-mockup-768x512.jpg 768w, https:\/\/vennantalya.com\/wp-content\/uploads\/2024\/07\/venn-mockup-450x300.jpg 450w, https:\/\/vennantalya.com\/wp-content\/uploads\/2024\/07\/venn-mockup-650x433.jpg 650w, https:\/\/vennantalya.com\/wp-content\/uploads\/2024\/07\/venn-mockup.jpg 1200w\" sizes=\"(max-width: 847px) 100vw, 847px\" data-id=\"154\" \/>\t\t\t\t\t\t\t\t\t\t\t\t\t<\/div>\n\t\t\t\t<\/div>\n\t\t\t\t<\/div>\n\t\t\t\t\t<\/div>\n\t\t\t\t<\/div>\n\t\t\t\t<\/div>","protected":false},"excerpt":{"rendered":"<p>Lazen Yap\u0131, bug\u00fcne kadar ba\u015far\u0131yla tamamlad\u0131\u011f\u0131 bir\u00e7ok projeyle ad\u0131ndan s\u00f6z ettirmi\u015f bir in\u015faat firmas\u0131 olarak, Antalya Kepez\u2019de yeni ve prestijli projesi \u201cVenn Antalya\u201d ile kar\u015f\u0131n\u0131zda. Bu proje, modern ya\u015fam\u0131n gereksinimlerini estetik ve fonksiyonellikle bir araya getiriyor. Viyana Teknik \u00dcniversitesi mezunu Y\u00fcksek Mimar Eyy\u00fcp Sar\u0131yusuf\u2019un \u00f6nderli\u011finde, Lazen Yap\u0131 Y\u00f6netim Kurulu taraf\u0131ndan geli\u015ftirilen bu proje, yat\u0131r\u0131mc\u0131s\u0131nada b\u00fcy\u00fck &hellip; <a href=\"https:\/\/vennantalya.com\/en\/hakkinda\/\" class=\"more-link\">Continue reading <span class=\"screen-reader-text\">ABOUT US<\/span><\/a><\/p>","protected":false},"author":1,"featured_media":0,"parent":0,"menu_order":0,"comment_status":"closed","ping_status":"closed","template":"elementor_header_footer","meta":{"footnotes":""},"_links":{"self":[{"href":"https:\/\/vennantalya.com\/en\/wp-json\/wp\/v2\/pages\/87"}],"collection":[{"href":"https:\/\/vennantalya.com\/en\/wp-json\/wp\/v2\/pages"}],"about":[{"href":"https:\/\/vennantalya.com\/en\/wp-json\/wp\/v2\/types\/page"}],"author":[{"embeddable":true,"href":"https:\/\/vennantalya.com\/en\/wp-json\/wp\/v2\/users\/1"}],"replies":[{"embeddable":true,"href":"https:\/\/vennantalya.com\/en\/wp-json\/wp\/v2\/comments?post=87"}],"version-history":[{"count":19,"href":"https:\/\/vennantalya.com\/en\/wp-json\/wp\/v2\/pages\/87\/revisions"}],"predecessor-version":[{"id":428,"href":"https:\/\/vennantalya.com\/en\/wp-json\/wp\/v2\/pages\/87\/revisions\/428"}],"wp:attachment":[{"href":"https:\/\/vennantalya.com\/en\/wp-json\/wp\/v2\/media?parent=87"}],"curies":[{"name":"wp","href":"https:\/\/api.w.org\/{rel}","templated":true}]}}